{"id":28927,"date":"2021-11-30T18:29:06","date_gmt":"2021-11-30T17:29:06","guid":{"rendered":"https:\/\/agridubey.ch\/?page_id=28927"},"modified":"2024-09-25T11:19:17","modified_gmt":"2024-09-25T09:19:17","slug":"contact","status":"publish","type":"page","link":"https:\/\/agridubey.ch\/de\/contact\/","title":{"rendered":"Kontakt"},"content":{"rendered":"<p>[et_pb_section fb_built=\u00a0\u00bb1&Prime; use_custom_gutter=\u00a0\u00bbon\u00a0\u00bb gutter_width=\u00a0\u00bb1&Prime; background_color_2=\u00a0\u00bb#FFFFFF\u00a0\u00bb padding_top_2=\u00a0\u00bb30px\u00a0\u00bb padding_right_2=\u00a0\u00bb30px\u00a0\u00bb padding_bottom_2=\u00a0\u00bb30px\u00a0\u00bb padding_left_2=\u00a0\u00bb30px\u00a0\u00bb padding_top_bottom_link_2=\u00a0\u00bbtrue\u00a0\u00bb padding_left_right_link_2=\u00a0\u00bbtrue\u00a0\u00bb admin_label=\u00a0\u00bbContact\u00a0\u00bb _builder_version=\u00a0\u00bb4.16&Prime; _module_preset=\u00a0\u00bbdefault\u00a0\u00bb background_color=\u00a0\u00bb#f3f7f0&Prime; background_enable_image=\u00a0\u00bboff\u00a0\u00bb background_position=\u00a0\u00bbtop_center\u00a0\u00bb custom_padding=\u00a0\u00bb||||false|false\u00a0\u00bb global_colors_info=\u00a0\u00bb{}\u00a0\u00bb][et_pb_row _builder_version=\u00a0\u00bb4.16&Prime; _module_preset=\u00a0\u00bbdefault\u00a0\u00bb custom_padding=\u00a0\u00bb||0px||false|false\u00a0\u00bb global_colors_info=\u00a0\u00bb{}\u00a0\u00bb][et_pb_column type=\u00a0\u00bb4_4&Prime; _builder_version=\u00a0\u00bb4.16&Prime; _module_preset=\u00a0\u00bbdefault\u00a0\u00bb global_colors_info=\u00a0\u00bb{}\u00a0\u00bb][et_pb_text _builder_version=\u00a0\u00bb4.27.0&Prime; _module_preset=\u00a0\u00bbb0bf5418-994a-43d1-aef8-7d7c6764119d\u00a0\u00bb header_font=\u00a0\u00bbTajawal|900|||||||\u00a0\u00bb header_text_color=\u00a0\u00bb#424242&Prime; header_font_size=\u00a0\u00bb60px\u00a0\u00bb custom_padding=\u00a0\u00bb||0px||false|false\u00a0\u00bb custom_padding_tablet=\u00a0\u00bb||0px||false|false\u00a0\u00bb custom_padding_phone=\u00a0\u00bb||0px||false|false\u00a0\u00bb custom_padding_last_edited=\u00a0\u00bbon|desktop\u00a0\u00bb hover_enabled=\u00a0\u00bb0&Prime; header_font_size_tablet=\u00a0\u00bb50px\u00a0\u00bb header_font_size_phone=\u00a0\u00bb40px\u00a0\u00bb header_font_size_last_edited=\u00a0\u00bbon|phone\u00a0\u00bb locked=\u00a0\u00bboff\u00a0\u00bb global_colors_info=\u00a0\u00bb{}\u00a0\u00bb header_text_align_last_edited=\u00a0\u00bbon|desktop\u00a0\u00bb header_text_align=\u00a0\u00bbcenter\u00a0\u00bb sticky_enabled=\u00a0\u00bb0&Prime; header_text_align_tablet=\u00a0\u00bbcenter\u00a0\u00bb header_text_align_phone=\u00a0\u00bbcenter\u00a0\u00bb]<\/p>\n<h1>Contactez-nous<\/h1>\n<p>[\/et_pb_text][et_pb_text content_tablet=\u00a0\u00bb<\/p>\n<div class=%22row%22>\n<div id=%22guideContainer-rootPanel-afformtitle_copy___guide-item%22 class=%22col-md-12 active%22 data-guide-parent-id=%22guideContainer-rootPanel__%22>\n<div class=%22afFormTitle guidetextdraw guidefield%22>\n<div class=%22guideFieldNode  guideTextDraw formTitle  guideStaticText af-field-filled%22 id=%22guideContainer-rootPanel-afformtitle_copy__%22 data-guide-view-bind=%22guideContainer-rootPanel-afformtitle_copy__%22 data-disabled=%22false%22>\n<h2 style=%22text-align: center;%22>Faites-nous savoir comment nous pouvons vous aider !<\/h2>\n<p>\u00a0<\/p>\n<\/div>\n<\/div>\n<\/div>\n<\/div>\n<div class=%22row%22>\n<div id=%22guideContainer-rootPanel-guidetextdraw_copy___guide-item%22 class=%22col-md-12%22 data-guide-parent-id=%22guideContainer-rootPanel__%22>\n<div class=%22guidetextdraw guidefield%22>\n<div class=%22guideFieldNode  guideTextDraw introText  guideStaticText af-field-filled%22 id=%22guideContainer-rootPanel-guidetextdraw_copy__%22 data-guide-view-bind=%22guideContainer-rootPanel-guidetextdraw_copy__%22 data-disabled=%22false%22>\n<p style=%22text-align: center;%22>Nous sommes disponibles du lundi au vendredi de 07h10 \u00e0 17h10. Nous essayons de vous r\u00e9pondre le plus rapidement possible. Cepandant, si nous recevons beaucoup de demandes, il peut y avoir un l\u00e9ger retard. Nous vous remercions de votre patience.<\/p>\n<\/div>\n<\/div>\n<\/div>\n<\/div>\n<p>\u00a0\u00bb content_phone=\u00a0\u00bb<\/p>\n<div class=%22row%22>\n<div id=%22guideContainer-rootPanel-afformtitle_copy___guide-item%22 class=%22col-md-12 active%22 data-guide-parent-id=%22guideContainer-rootPanel__%22>\n<div class=%22afFormTitle guidetextdraw guidefield%22>\n<div class=%22guideFieldNode  guideTextDraw formTitle  guideStaticText af-field-filled%22 id=%22guideContainer-rootPanel-afformtitle_copy__%22 data-guide-view-bind=%22guideContainer-rootPanel-afformtitle_copy__%22 data-disabled=%22false%22>\n<h2 style=%22text-align: center;%22>Faites-nous savoir comment nous pouvons vous aider !<\/h2>\n<p>\u00a0<\/p>\n<\/div>\n<\/div>\n<\/div>\n<\/div>\n<div class=%22row%22>\n<div id=%22guideContainer-rootPanel-guidetextdraw_copy___guide-item%22 class=%22col-md-12%22 data-guide-parent-id=%22guideContainer-rootPanel__%22>\n<div class=%22guidetextdraw guidefield%22>\n<div class=%22guideFieldNode  guideTextDraw introText  guideStaticText af-field-filled%22 id=%22guideContainer-rootPanel-guidetextdraw_copy__%22 data-guide-view-bind=%22guideContainer-rootPanel-guidetextdraw_copy__%22 data-disabled=%22false%22>\n<p style=%22text-align: center;%22>Nous sommes disponibles du lundi au vendredi de 07h10 \u00e0 17h10. Nous essayons de vous r\u00e9pondre le plus rapidement possible. Cepandant, si nous recevons beaucoup de demandes, il peut y avoir un l\u00e9ger retard. Nous vous remercions de votre patience.<\/p>\n<\/div>\n<\/div>\n<\/div>\n<\/div>\n<p>\u00a0\u00bb content_last_edited=\u00a0\u00bbon|phone\u00a0\u00bb _builder_version=\u00a0\u00bb4.22.1&Prime; _module_preset=\u00a0\u00bbdefault\u00a0\u00bb text_font=\u00a0\u00bbOpen Sans||||||||\u00a0\u00bb text_font_size=\u00a0\u00bb16px\u00a0\u00bb text_line_height=\u00a0\u00bb1.6em\u00a0\u00bb header_2_font=\u00a0\u00bbTajawal||||||||\u00a0\u00bb header_2_font_size=\u00a0\u00bb40px\u00a0\u00bb text_font_size_tablet=\u00a0\u00bb15px\u00a0\u00bb text_font_size_phone=\u00a0\u00bb14px\u00a0\u00bb text_font_size_last_edited=\u00a0\u00bbon|phone\u00a0\u00bb header_2_font_size_tablet=\u00a0\u00bb35px\u00a0\u00bb header_2_font_size_phone=\u00a0\u00bb25px\u00a0\u00bb header_2_font_size_last_edited=\u00a0\u00bbon|phone\u00a0\u00bb global_colors_info=\u00a0\u00bb{}\u00a0\u00bb]<\/p>\n<div class=\"row\">\n<div id=\"guideContainer-rootPanel-afformtitle_copy___guide-item\" class=\"col-md-12 active\" data-guide-parent-id=\"guideContainer-rootPanel__\">\n<div class=\"afFormTitle guidetextdraw guidefield\">\n<div class=\"guideFieldNode  guideTextDraw formTitle  guideStaticText af-field-filled\" id=\"guideContainer-rootPanel-afformtitle_copy__\" data-guide-view-bind=\"guideContainer-rootPanel-afformtitle_copy__\" data-disabled=\"false\">\n<h2 style=\"text-align: center;\">Faites-nous savoir comment nous pouvons vous aider !<\/h2>\n<p>&nbsp;<\/p>\n<\/div>\n<\/div>\n<\/div>\n<\/div>\n<div class=\"row\">\n<div id=\"guideContainer-rootPanel-guidetextdraw_copy___guide-item\" class=\"col-md-12\" data-guide-parent-id=\"guideContainer-rootPanel__\">\n<div class=\"guidetextdraw guidefield\">\n<div class=\"guideFieldNode  guideTextDraw introText  guideStaticText af-field-filled\" id=\"guideContainer-rootPanel-guidetextdraw_copy__\" data-guide-view-bind=\"guideContainer-rootPanel-guidetextdraw_copy__\" data-disabled=\"false\">\n<p style=\"text-align: center;\">Nous sommes disponibles du lundi au vendredi de 07h10 \u00e0 17h10. Nous essayons de vous r\u00e9pondre le plus rapidement possible. <br \/>Cepandant, si nous recevons beaucoup de demandes, il peut y avoir un l\u00e9ger retard. Nous vous remercions de votre patience.<\/p>\n<\/div>\n<\/div>\n<\/div>\n<\/div>\n<p>[\/et_pb_text][\/et_pb_column][\/et_pb_row][et_pb_row column_structure=\u00a0\u00bb1_2,1_2&Prime; _builder_version=\u00a0\u00bb4.16&Prime; _module_preset=\u00a0\u00bbdefault\u00a0\u00bb global_colors_info=\u00a0\u00bb{}\u00a0\u00bb][et_pb_column type=\u00a0\u00bb1_2&Prime; _builder_version=\u00a0\u00bb4.16&Prime; _module_preset=\u00a0\u00bbdefault\u00a0\u00bb background_color=\u00a0\u00bb#FFFFFF\u00a0\u00bb custom_padding=\u00a0\u00bb40px|30px|40px|30px|true|true\u00a0\u00bb custom_padding_tablet=\u00a0\u00bb\u00a0\u00bb custom_padding_phone=\u00a0\u00bb40px|20px|40px|20px|true|true\u00a0\u00bb custom_padding_last_edited=\u00a0\u00bbon|phone\u00a0\u00bb global_colors_info=\u00a0\u00bb{}\u00a0\u00bb][et_pb_text _builder_version=\u00a0\u00bb4.16&Prime; _module_preset=\u00a0\u00bbbc3df28d-7a1e-4346-9b94-aa11c48ce922&Prime; header_4_font=\u00a0\u00bbTajawal|700||on|||||\u00a0\u00bb header_4_text_color=\u00a0\u00bbgcid-87ce0c3f-2a7b-40dd-8a42-4148be75d651&Prime; header_4_letter_spacing=\u00a0\u00bb2px\u00a0\u00bb header_4_line_height=\u00a0\u00bb1.5em\u00a0\u00bb custom_margin=\u00a0\u00bb||0px||false|false\u00a0\u00bb header_4_font_size_tablet=\u00a0\u00bb18px\u00a0\u00bb header_4_font_size_phone=\u00a0\u00bb18px\u00a0\u00bb header_4_font_size_last_edited=\u00a0\u00bbon|phone\u00a0\u00bb locked=\u00a0\u00bboff\u00a0\u00bb global_colors_info=\u00a0\u00bb{%22gcid-87ce0c3f-2a7b-40dd-8a42-4148be75d651%22:%91%93}\u00a0\u00bb]<\/p>\n<h4>Envoyer un message<\/h4>\n<p>[\/et_pb_text][et_pb_contact_form captcha=\u00a0\u00bboff\u00a0\u00bb email=\u00a0\u00bbinfo@agridubey.ch\u00a0\u00bb submit_button_text=\u00a0\u00bbenvoyer\u00a0\u00bb _builder_version=\u00a0\u00bb4.16&Prime; _module_preset=\u00a0\u00bbdefault\u00a0\u00bb form_field_background_color=\u00a0\u00bb#f6f7fb\u00a0\u00bb form_field_text_color=\u00a0\u00bb#a1afab\u00a0\u00bb form_field_custom_margin=\u00a0\u00bb||16px||false|false\u00a0\u00bb form_field_font=\u00a0\u00bbTajawal|||on|||||\u00a0\u00bb form_field_font_size=\u00a0\u00bb12px\u00a0\u00bb form_field_letter_spacing=\u00a0\u00bb3px\u00a0\u00bb form_field_line_height=\u00a0\u00bb1.8em\u00a0\u00bb custom_button=\u00a0\u00bbon\u00a0\u00bb button_text_size=\u00a0\u00bb12px\u00a0\u00bb button_text_color=\u00a0\u00bb#FFFFFF\u00a0\u00bb button_bg_color=\u00a0\u00bb#fe9638&Prime; button_border_width=\u00a0\u00bb0px\u00a0\u00bb button_border_radius=\u00a0\u00bb0px\u00a0\u00bb button_letter_spacing=\u00a0\u00bb3px\u00a0\u00bb button_font=\u00a0\u00bbTajawal|700||on|||||\u00a0\u00bb button_custom_padding=\u00a0\u00bb15px|30px|15px|30px|true|true\u00a0\u00bb button_custom_padding_tablet=\u00a0\u00bb|248px||248px|true|true\u00a0\u00bb button_custom_padding_phone=\u00a0\u00bb|100px||100px|true|true\u00a0\u00bb button_custom_padding_last_edited=\u00a0\u00bboff|desktop\u00a0\u00bb box_shadow_style_button=\u00a0\u00bbpreset3&Prime; box_shadow_vertical_button=\u00a0\u00bb33px\u00a0\u00bb box_shadow_blur_button=\u00a0\u00bb40px\u00a0\u00bb box_shadow_spread_button=\u00a0\u00bb-10px\u00a0\u00bb box_shadow_color_button=\u00a0\u00bbrgba(0,0,0,0.2)\u00a0\u00bb locked=\u00a0\u00bboff\u00a0\u00bb global_colors_info=\u00a0\u00bb{}\u00a0\u00bb][et_pb_contact_field field_id=\u00a0\u00bbNom,_pr\u00e9nom\u00a0\u00bb field_title=\u00a0\u00bbNom, pr\u00e9nom\u00a0\u00bb fullwidth_field=\u00a0\u00bbon\u00a0\u00bb _builder_version=\u00a0\u00bb4.16&Prime; global_colors_info=\u00a0\u00bb{}\u00a0\u00bb button_text_size__hover_enabled=\u00a0\u00bboff\u00a0\u00bb button_one_text_size__hover_enabled=\u00a0\u00bboff\u00a0\u00bb button_two_text_size__hover_enabled=\u00a0\u00bboff\u00a0\u00bb button_text_color__hover_enabled=\u00a0\u00bboff\u00a0\u00bb button_one_text_color__hover_enabled=\u00a0\u00bboff\u00a0\u00bb button_two_text_color__hover_enabled=\u00a0\u00bboff\u00a0\u00bb button_border_width__hover_enabled=\u00a0\u00bboff\u00a0\u00bb button_one_border_width__hover_enabled=\u00a0\u00bboff\u00a0\u00bb button_two_border_width__hover_enabled=\u00a0\u00bboff\u00a0\u00bb button_border_color__hover_enabled=\u00a0\u00bboff\u00a0\u00bb button_one_border_color__hover_enabled=\u00a0\u00bboff\u00a0\u00bb button_two_border_color__hover_enabled=\u00a0\u00bboff\u00a0\u00bb button_border_radius__hover_enabled=\u00a0\u00bboff\u00a0\u00bb button_one_border_radius__hover_enabled=\u00a0\u00bboff\u00a0\u00bb button_two_border_radius__hover_enabled=\u00a0\u00bboff\u00a0\u00bb button_letter_spacing__hover_enabled=\u00a0\u00bboff\u00a0\u00bb button_one_letter_spacing__hover_enabled=\u00a0\u00bboff\u00a0\u00bb button_two_letter_spacing__hover_enabled=\u00a0\u00bboff\u00a0\u00bb button_bg_color__hover_enabled=\u00a0\u00bboff\u00a0\u00bb button_one_bg_color__hover_enabled=\u00a0\u00bboff\u00a0\u00bb button_two_bg_color__hover_enabled=\u00a0\u00bboff\u00a0\u00bb][\/et_pb_contact_field][et_pb_contact_field field_id=\u00a0\u00bbEmail\u00a0\u00bb field_title=\u00a0\u00bbEmail\u00a0\u00bb field_type=\u00a0\u00bbemail\u00a0\u00bb fullwidth_field=\u00a0\u00bbon\u00a0\u00bb _builder_version=\u00a0\u00bb4.16&Prime; global_colors_info=\u00a0\u00bb{}\u00a0\u00bb button_text_size__hover_enabled=\u00a0\u00bboff\u00a0\u00bb button_one_text_size__hover_enabled=\u00a0\u00bboff\u00a0\u00bb button_two_text_size__hover_enabled=\u00a0\u00bboff\u00a0\u00bb button_text_color__hover_enabled=\u00a0\u00bboff\u00a0\u00bb button_one_text_color__hover_enabled=\u00a0\u00bboff\u00a0\u00bb button_two_text_color__hover_enabled=\u00a0\u00bboff\u00a0\u00bb button_border_width__hover_enabled=\u00a0\u00bboff\u00a0\u00bb button_one_border_width__hover_enabled=\u00a0\u00bboff\u00a0\u00bb button_two_border_width__hover_enabled=\u00a0\u00bboff\u00a0\u00bb button_border_color__hover_enabled=\u00a0\u00bboff\u00a0\u00bb button_one_border_color__hover_enabled=\u00a0\u00bboff\u00a0\u00bb button_two_border_color__hover_enabled=\u00a0\u00bboff\u00a0\u00bb button_border_radius__hover_enabled=\u00a0\u00bboff\u00a0\u00bb button_one_border_radius__hover_enabled=\u00a0\u00bboff\u00a0\u00bb button_two_border_radius__hover_enabled=\u00a0\u00bboff\u00a0\u00bb button_letter_spacing__hover_enabled=\u00a0\u00bboff\u00a0\u00bb button_one_letter_spacing__hover_enabled=\u00a0\u00bboff\u00a0\u00bb button_two_letter_spacing__hover_enabled=\u00a0\u00bboff\u00a0\u00bb button_bg_color__hover_enabled=\u00a0\u00bboff\u00a0\u00bb button_one_bg_color__hover_enabled=\u00a0\u00bboff\u00a0\u00bb button_two_bg_color__hover_enabled=\u00a0\u00bboff\u00a0\u00bb][\/et_pb_contact_field][et_pb_contact_field field_id=\u00a0\u00bbMessage\u00a0\u00bb field_title=\u00a0\u00bbMessage\u00a0\u00bb field_type=\u00a0\u00bbtext\u00a0\u00bb fullwidth_field=\u00a0\u00bbon\u00a0\u00bb _builder_version=\u00a0\u00bb4.16&Prime; global_colors_info=\u00a0\u00bb{}\u00a0\u00bb button_text_size__hover_enabled=\u00a0\u00bboff\u00a0\u00bb button_one_text_size__hover_enabled=\u00a0\u00bboff\u00a0\u00bb button_two_text_size__hover_enabled=\u00a0\u00bboff\u00a0\u00bb button_text_color__hover_enabled=\u00a0\u00bboff\u00a0\u00bb button_one_text_color__hover_enabled=\u00a0\u00bboff\u00a0\u00bb button_two_text_color__hover_enabled=\u00a0\u00bboff\u00a0\u00bb button_border_width__hover_enabled=\u00a0\u00bboff\u00a0\u00bb button_one_border_width__hover_enabled=\u00a0\u00bboff\u00a0\u00bb button_two_border_width__hover_enabled=\u00a0\u00bboff\u00a0\u00bb button_border_color__hover_enabled=\u00a0\u00bboff\u00a0\u00bb button_one_border_color__hover_enabled=\u00a0\u00bboff\u00a0\u00bb button_two_border_color__hover_enabled=\u00a0\u00bboff\u00a0\u00bb button_border_radius__hover_enabled=\u00a0\u00bboff\u00a0\u00bb button_one_border_radius__hover_enabled=\u00a0\u00bboff\u00a0\u00bb button_two_border_radius__hover_enabled=\u00a0\u00bboff\u00a0\u00bb button_letter_spacing__hover_enabled=\u00a0\u00bboff\u00a0\u00bb button_one_letter_spacing__hover_enabled=\u00a0\u00bboff\u00a0\u00bb button_two_letter_spacing__hover_enabled=\u00a0\u00bboff\u00a0\u00bb button_bg_color__hover_enabled=\u00a0\u00bboff\u00a0\u00bb button_one_bg_color__hover_enabled=\u00a0\u00bboff\u00a0\u00bb button_two_bg_color__hover_enabled=\u00a0\u00bboff\u00a0\u00bb][\/et_pb_contact_field][\/et_pb_contact_form][\/et_pb_column][et_pb_column type=\u00a0\u00bb1_2&Prime; _builder_version=\u00a0\u00bb4.16&Prime; _module_preset=\u00a0\u00bbdefault\u00a0\u00bb custom_padding=\u00a0\u00bb40px||||false|false\u00a0\u00bb global_colors_info=\u00a0\u00bb{}\u00a0\u00bb][et_pb_text _builder_version=\u00a0\u00bb4.16&Prime; _module_preset=\u00a0\u00bbbc3df28d-7a1e-4346-9b94-aa11c48ce922&Prime; header_4_font=\u00a0\u00bbTajawal|700||on|||||\u00a0\u00bb header_4_text_color=\u00a0\u00bbgcid-87ce0c3f-2a7b-40dd-8a42-4148be75d651&Prime; header_4_letter_spacing=\u00a0\u00bb2px\u00a0\u00bb header_4_line_height=\u00a0\u00bb1.5em\u00a0\u00bb custom_margin=\u00a0\u00bb||0px||false|false\u00a0\u00bb header_4_font_size_tablet=\u00a0\u00bb18px\u00a0\u00bb header_4_font_size_phone=\u00a0\u00bb18px\u00a0\u00bb header_4_font_size_last_edited=\u00a0\u00bbon|phone\u00a0\u00bb locked=\u00a0\u00bboff\u00a0\u00bb global_colors_info=\u00a0\u00bb{%22gcid-87ce0c3f-2a7b-40dd-8a42-4148be75d651%22:%91%93}\u00a0\u00bb]<\/p>\n<h4>Nous appeler<\/h4>\n<p>[\/et_pb_text][et_pb_text _builder_version=\u00a0\u00bb4.22.1&Prime; _module_preset=\u00a0\u00bbdefault\u00a0\u00bb text_font=\u00a0\u00bbTajawal|700|||||||\u00a0\u00bb text_text_color=\u00a0\u00bb#FFFFFF\u00a0\u00bb text_font_size=\u00a0\u00bb70px\u00a0\u00bb text_line_height=\u00a0\u00bb1.2em\u00a0\u00bb link_text_color=\u00a0\u00bb#71B100&Prime; header_3_text_color=\u00a0\u00bbgcid-645fadfb-e35a-452d-b188-847d9cc3ea71&Prime; text_font_size_tablet=\u00a0\u00bb50px\u00a0\u00bb text_font_size_phone=\u00a0\u00bb30px\u00a0\u00bb text_font_size_last_edited=\u00a0\u00bbon|phone\u00a0\u00bb header_font_size_tablet=\u00a0\u00bb55px\u00a0\u00bb header_font_size_phone=\u00a0\u00bb\u00a0\u00bb header_font_size_last_edited=\u00a0\u00bbon|tablet\u00a0\u00bb locked=\u00a0\u00bboff\u00a0\u00bb global_colors_info=\u00a0\u00bb{%22gcid-645fadfb-e35a-452d-b188-847d9cc3ea71%22:%91%22header_3_text_color%22%93}\u00a0\u00bb link_font_size__hover_enabled=\u00a0\u00bbon|desktop\u00a0\u00bb]<\/p>\n<p><a href=\"tel:026 662 47 62\">026 662 47 62<\/a><\/p>\n<p>[\/et_pb_text][et_pb_text _builder_version=\u00a0\u00bb4.16&Prime; _module_preset=\u00a0\u00bbbc3df28d-7a1e-4346-9b94-aa11c48ce922&Prime; header_4_font=\u00a0\u00bbTajawal|700||on|||||\u00a0\u00bb header_4_text_color=\u00a0\u00bbgcid-87ce0c3f-2a7b-40dd-8a42-4148be75d651&Prime; header_4_letter_spacing=\u00a0\u00bb2px\u00a0\u00bb header_4_line_height=\u00a0\u00bb1.5em\u00a0\u00bb custom_margin=\u00a0\u00bb||0px||false|false\u00a0\u00bb header_4_font_size_tablet=\u00a0\u00bb18px\u00a0\u00bb header_4_font_size_phone=\u00a0\u00bb18px\u00a0\u00bb header_4_font_size_last_edited=\u00a0\u00bbon|desktop\u00a0\u00bb locked=\u00a0\u00bboff\u00a0\u00bb global_colors_info=\u00a0\u00bb{%22gcid-87ce0c3f-2a7b-40dd-8a42-4148be75d651%22:%91%93}\u00a0\u00bb]<\/p>\n<h4>Email<\/h4>\n<p>[\/et_pb_text][et_pb_text _builder_version=\u00a0\u00bb4.16&Prime; _module_preset=\u00a0\u00bb2e1ca0a8-a515-4ca3-8814-65eea4b82393&Prime; text_font=\u00a0\u00bbTajawal|700|||||||\u00a0\u00bb text_text_color=\u00a0\u00bbgcid-894dd149-a1ea-4f86-b8fa-4b9fb28df1bb\u00a0\u00bb text_font_size=\u00a0\u00bb21px\u00a0\u00bb text_line_height=\u00a0\u00bb1.8em\u00a0\u00bb link_font=\u00a0\u00bb|700|||||||\u00a0\u00bb link_text_color=\u00a0\u00bb#71B100&Prime; text_font_size_tablet=\u00a0\u00bb21px\u00a0\u00bb text_font_size_phone=\u00a0\u00bb21px\u00a0\u00bb text_font_size_last_edited=\u00a0\u00bbon|desktop\u00a0\u00bb global_colors_info=\u00a0\u00bb{%22gcid-894dd149-a1ea-4f86-b8fa-4b9fb28df1bb%22:%91%22text_text_color%22%93}\u00a0\u00bb]<\/p>\n<p>info@agridubey.ch<\/p>\n<p>[\/et_pb_text][\/et_pb_column][\/et_pb_row][et_pb_row _builder_version=\u00a0\u00bb4.16&Prime; _module_preset=\u00a0\u00bbdefault\u00a0\u00bb global_colors_info=\u00a0\u00bb{}\u00a0\u00bb][et_pb_column type=\u00a0\u00bb4_4&Prime; _builder_version=\u00a0\u00bb4.16&Prime; _module_preset=\u00a0\u00bbdefault\u00a0\u00bb global_colors_info=\u00a0\u00bb{}\u00a0\u00bb][et_pb_code _builder_version=\u00a0\u00bb4.16&Prime; _module_preset=\u00a0\u00bbdefault\u00a0\u00bb global_colors_info=\u00a0\u00bb{}\u00a0\u00bb]<iframe src=\"https:\/\/www.google.com\/maps\/embed?pb=!1m14!1m8!1m3!1d16365.926744159233!2d6.922677769058671!3d46.809497261985484!3m2!1i1024!2i768!4f13.1!3m3!1m2!1s0x0%3A0x46b89e278a43ad4e!2sAgridubey!5e0!3m2!1sfr!2sch!4v1646390270221!5m2!1sfr!2sch\" width=\"1200\" height=\"600\" style=\"border:0;\" allowfullscreen=\"\" loading=\"lazy\"><\/iframe>[\/et_pb_code][\/et_pb_column][\/et_pb_row][\/et_pb_section]<\/p>\n","protected":false},"excerpt":{"rendered":"<p>Contactez-nous Faites-nous savoir comment nous pouvons vous aider ! &nbsp; Nous sommes disponibles du lundi au vendredi de 07h10 \u00e0 17h10. Nous essayons de vous r\u00e9pondre le plus rapidement possible. Cepandant, si nous recevons beaucoup de demandes, il peut y avoir un l\u00e9ger retard. Nous vous remercions de votre patience. Envoyer un messageNous appeler026 662 [&hellip;]<\/p>\n","protected":false},"author":2,"featured_media":0,"parent":0,"menu_order":0,"comment_status":"closed","ping_status":"closed","template":"","meta":{"_et_pb_use_builder":"on","_et_pb_old_content":"","_et_gb_content_width":"","footnotes":""},"dipi_cpt_category":[],"class_list":["post-28927","page","type-page","status-publish","hentry"],"_links":{"self":[{"href":"https:\/\/agridubey.ch\/de\/wp-json\/wp\/v2\/pages\/28927","targetHints":{"allow":["GET"]}}],"collection":[{"href":"https:\/\/agridubey.ch\/de\/wp-json\/wp\/v2\/pages"}],"about":[{"href":"https:\/\/agridubey.ch\/de\/wp-json\/wp\/v2\/types\/page"}],"author":[{"embeddable":true,"href":"https:\/\/agridubey.ch\/de\/wp-json\/wp\/v2\/users\/2"}],"replies":[{"embeddable":true,"href":"https:\/\/agridubey.ch\/de\/wp-json\/wp\/v2\/comments?post=28927"}],"version-history":[{"count":24,"href":"https:\/\/agridubey.ch\/de\/wp-json\/wp\/v2\/pages\/28927\/revisions"}],"predecessor-version":[{"id":30730,"href":"https:\/\/agridubey.ch\/de\/wp-json\/wp\/v2\/pages\/28927\/revisions\/30730"}],"wp:attachment":[{"href":"https:\/\/agridubey.ch\/de\/wp-json\/wp\/v2\/media?parent=28927"}],"wp:term":[{"taxonomy":"dipi_cpt_category","embeddable":true,"href":"https:\/\/agridubey.ch\/de\/wp-json\/wp\/v2\/dipi_cpt_category?post=28927"}],"curies":[{"name":"wp","href":"https:\/\/api.w.org\/{rel}","templated":true}]}}